{"id":730,"date":"2023-12-14T13:06:58","date_gmt":"2023-12-14T13:06:58","guid":{"rendered":"https:\/\/web4.rkinformatika.net\/gureyoga\/?page_id=730"},"modified":"2026-01-02T20:42:42","modified_gmt":"2026-01-02T20:42:42","slug":"beneficios","status":"publish","type":"page","link":"https:\/\/gureyoga.com\/es\/","title":{"rendered":"Gure Yoga"},"content":{"rendered":"\t\t<div data-elementor-type=\"wp-page\" data-elementor-id=\"730\" class=\"elementor elementor-730\" data-elementor-post-type=\"page\">\n\t\t\t\t\t\t<section class=\"elementor-section elementor-top-section elementor-element elementor-element-bb27931 elementor-section-boxed elementor-section-height-default elementor-section-height-default\" data-id=\"bb27931\" data-element_type=\"section\" data-e-type=\"section\" data-settings=\"{&quot;background_background&quot;:&quot;classic&quot;}\">\n\t\t\t\t\t\t\t<div class=\"elementor-background-overlay\"><\/div>\n\t\t\t\t\t\t\t<div class=\"elementor-container elementor-column-gap-default\">\n\t\t\t\t\t<div class=\"elementor-column elementor-col-100 elementor-top-column elementor-element elementor-element-d20a5a7\" data-id=\"d20a5a7\" data-element_type=\"column\" data-e-type=\"column\">\n\t\t\t<div class=\"elementor-widget-wrap elementor-element-populated\">\n\t\t\t\t\t\t<div class=\"elementor-element elementor-element-254ccbb elementor-widget-tablet__width-initial elementor-widget-mobile__width-inherit elementor-widget__width-initial elementor-widget elementor-widget-heading\" data-id=\"254ccbb\" data-element_type=\"widget\" data-e-type=\"widget\" data-widget_type=\"heading.default\">\n\t\t\t\t<div class=\"elementor-widget-container\">\n\t\t\t\t\t<h2 class=\"elementor-heading-title elementor-size-default\">\"CADA MA\u00d1ANA NACEMOS DE NUEVO.  LO QUE HACEMOS HOY ES LO QUE M\u00c1S IMPORTA\" <\/h2>\t\t\t\t<\/div>\n\t\t\t\t<\/div>\n\t\t\t\t<div class=\"elementor-element elementor-element-1a103a1 elementor-widget elementor-widget-text-editor\" data-id=\"1a103a1\" data-element_type=\"widget\" data-e-type=\"widget\" data-widget_type=\"text-editor.default\">\n\t\t\t\t<div class=\"elementor-widget-container\">\n\t\t\t\t\t\t\t\t\t<h4>\u00abSIDDHARTA GAUTAMA\u00bb<\/h4>\t\t\t\t\t\t\t\t<\/div>\n\t\t\t\t<\/div>\n\t\t\t\t<div class=\"elementor-element elementor-element-a92bcb4 elementor-widget-tablet__width-initial elementor-widget-mobile__width-inherit elementor-mobile-align-center elementor-align-center elementor-invisible elementor-widget elementor-widget-button\" data-id=\"a92bcb4\" data-element_type=\"widget\" data-e-type=\"widget\" data-settings=\"{&quot;_animation&quot;:&quot;rotateIn&quot;}\" data-widget_type=\"button.default\">\n\t\t\t\t<div class=\"elementor-widget-container\">\n\t\t\t\t\t\t\t\t\t<div class=\"elementor-button-wrapper\">\n\t\t\t\t\t<a class=\"elementor-button elementor-button-link elementor-size-lg\" href=\"https:\/\/www.instagram.com\/gureyoga.om\/\">\n\t\t\t\t\t\t<span class=\"elementor-button-content-wrapper\">\n\t\t\t\t\t\t\t\t\t<span class=\"elementor-button-text\">Descubre mas mas en nuestro Instagram<\/span>\n\t\t\t\t\t<\/span>\n\t\t\t\t\t<\/a>\n\t\t\t\t<\/div>\n\t\t\t\t\t\t\t\t<\/div>\n\t\t\t\t<\/div>\n\t\t\t\t\t<\/div>\n\t\t<\/div>\n\t\t\t\t\t<\/div>\n\t\t<\/section>\n\t\t<div class=\"elementor-element elementor-element-7e10b2c e-flex e-con-boxed e-con e-parent\" data-id=\"7e10b2c\" data-element_type=\"container\" data-e-type=\"container\">\n\t\t\t\t\t<div class=\"e-con-inner\">\n\t\t<div class=\"elementor-element elementor-element-d72baed e-con-full e-flex e-con e-child\" data-id=\"d72baed\" data-element_type=\"container\" data-e-type=\"container\">\n\t\t\t\t<div class=\"elementor-element elementor-element-b5bc54f elementor-widget elementor-widget-heading\" data-id=\"b5bc54f\" data-element_type=\"widget\" data-e-type=\"widget\" data-widget_type=\"heading.default\">\n\t\t\t\t<div class=\"elementor-widget-container\">\n\t\t\t\t\t<h2 class=\"elementor-heading-title elementor-size-default\">GURE YOGA<\/h2>\t\t\t\t<\/div>\n\t\t\t\t<\/div>\n\t\t\t\t<div class=\"elementor-element elementor-element-31eea2a elementor-widget-divider--view-line_icon elementor-view-default elementor-widget-divider--element-align-center elementor-widget elementor-widget-divider\" data-id=\"31eea2a\" data-element_type=\"widget\" data-e-type=\"widget\" data-widget_type=\"divider.default\">\n\t\t\t\t<div class=\"elementor-widget-container\">\n\t\t\t\t\t\t\t<div class=\"elementor-divider\">\n\t\t\t<span class=\"elementor-divider-separator\">\n\t\t\t\t\t\t\t<div class=\"elementor-icon elementor-divider__element\">\n\t\t\t\t\t<i aria-hidden=\"true\" class=\"icon icon-leaf\"><\/i><\/div>\n\t\t\t\t\t\t<\/span>\n\t\t<\/div>\n\t\t\t\t\t\t<\/div>\n\t\t\t\t<\/div>\n\t\t\t\t<div class=\"elementor-element elementor-element-bc9b5e7 elementor-widget elementor-widget-text-editor\" data-id=\"bc9b5e7\" data-element_type=\"widget\" data-e-type=\"widget\" data-widget_type=\"text-editor.default\">\n\t\t\t\t<div class=\"elementor-widget-container\">\n\t\t\t\t\t\t\t\t\t<h5 data-start=\"583\" data-end=\"615\">Inhala&#8230; Ret\u00e9n&#8230; Exhala&#8230;<\/h5><p><strong>Bienvenid@ a Gure Yoga<\/strong>, tu espacio de bienestar en el centro se Santurtzi.<\/p><p>Este proyecto se hizo realidad en abril de 2022, con una ilusi\u00f3n muy clara: crear un lugar donde pudieras reconectar contigo mismo\/a a trav\u00e9s del Yoga.<\/p><p>Despu\u00e9s de a\u00f1os impartiendo clases en diferentes espacios, decid\u00ed dar el salto y abrir una escuela de Yoga. Un espacio cercano, tranquilo y flexible, donde el Yoga se adapta a ti, no al rev\u00e9s.<\/p><p><strong>\u00bfQu\u00e9 encontrar\u00e1s en Gure Yoga?<\/strong><br data-start=\"1076\" data-end=\"1079\" \/>Clases para todos los niveles y necesidades. Diferentes estilos de yoga para que descubras el que mejor se adapta a ti: Hatha, Ashtanga, Nidra, meditaci\u00f3n, respiraci\u00f3n, relajaci\u00f3n&#8230; Tanto si llevas tiempo practicando como si est\u00e1s dando tus primeros pasos, aqu\u00ed tienes tu lugar.<\/p><p><strong>Flexibilidad total para que el yoga encaje en tu vida.<\/strong><br data-start=\"1418\" data-end=\"1421\" \/>Sabemos que los horarios cambian, los turnos se mueven y la vida se complica. Por eso, en Gure Yoga puedes cambiar tus clases de horario, venir a clases sueltas o practicar las veces que quieras por semana. T\u00fa eliges.<\/p><p><strong>Reg\u00e1late un momento para ti.<\/strong><br data-start=\"1671\" data-end=\"1674\" \/>Gure Yoga es m\u00e1s que una escuela, es un refugio para parar, respirar, observarte y conectar. Un espacio de calma en medio del ritmo diario.<\/p>\t\t\t\t\t\t\t\t<\/div>\n\t\t\t\t<\/div>\n\t\t\t\t<\/div>\n\t\t<div class=\"elementor-element elementor-element-a06cdf5 e-con-full e-flex e-con e-child\" data-id=\"a06cdf5\" data-element_type=\"container\" data-e-type=\"container\" data-settings=\"{&quot;background_background&quot;:&quot;classic&quot;}\">\n\t\t\t\t<div class=\"elementor-element elementor-element-bb898f7 elementor-widget elementor-widget-image\" data-id=\"bb898f7\" data-element_type=\"widget\" data-e-type=\"widget\" data-widget_type=\"image.default\">\n\t\t\t\t<div class=\"elementor-widget-container\">\n\t\t\t\t\t\t\t\t\t\t\t\t\t\t\t<img fetchpriority=\"high\" decoding=\"async\" width=\"1201\" height=\"1600\" src=\"https:\/\/gureyoga.com\/wp-content\/uploads\/2025\/08\/WhatsApp-Image-2025-08-04-at-16.27.12.jpeg\" class=\"attachment-full size-full wp-image-2410\" alt=\"\" srcset=\"https:\/\/gureyoga.com\/wp-content\/uploads\/2025\/08\/WhatsApp-Image-2025-08-04-at-16.27.12.jpeg 1201w, https:\/\/gureyoga.com\/wp-content\/uploads\/2025\/08\/WhatsApp-Image-2025-08-04-at-16.27.12-225x300.jpeg 225w, https:\/\/gureyoga.com\/wp-content\/uploads\/2025\/08\/WhatsApp-Image-2025-08-04-at-16.27.12-769x1024.jpeg 769w, https:\/\/gureyoga.com\/wp-content\/uploads\/2025\/08\/WhatsApp-Image-2025-08-04-at-16.27.12-768x1023.jpeg 768w, https:\/\/gureyoga.com\/wp-content\/uploads\/2025\/08\/WhatsApp-Image-2025-08-04-at-16.27.12-1153x1536.jpeg 1153w, https:\/\/gureyoga.com\/wp-content\/uploads\/2025\/08\/WhatsApp-Image-2025-08-04-at-16.27.12-9x12.jpeg 9w, https:\/\/gureyoga.com\/wp-content\/uploads\/2025\/08\/WhatsApp-Image-2025-08-04-at-16.27.12-600x799.jpeg 600w\" sizes=\"(max-width: 1201px) 100vw, 1201px\" \/>\t\t\t\t\t\t\t\t\t\t\t\t\t\t\t<\/div>\n\t\t\t\t<\/div>\n\t\t\t\t<\/div>\n\t\t\t\t\t<\/div>\n\t\t\t\t<\/div>\n\t\t<div class=\"elementor-element elementor-element-2edef12 e-flex e-con-boxed e-con e-parent\" data-id=\"2edef12\" data-element_type=\"container\" data-e-type=\"container\">\n\t\t\t\t\t<div class=\"e-con-inner\">\n\t\t\t\t<div class=\"elementor-element elementor-element-42a7d37 elementor-widget elementor-widget-heading\" data-id=\"42a7d37\" data-element_type=\"widget\" data-e-type=\"widget\" data-widget_type=\"heading.default\">\n\t\t\t\t<div class=\"elementor-widget-container\">\n\t\t\t\t\t<h2 class=\"elementor-heading-title elementor-size-default\">QUE ES EL YOGA<\/h2>\t\t\t\t<\/div>\n\t\t\t\t<\/div>\n\t\t\t\t<div class=\"elementor-element elementor-element-5bd4c5f elementor-widget-divider--view-line_icon elementor-view-default elementor-widget-divider--element-align-center elementor-widget elementor-widget-divider\" data-id=\"5bd4c5f\" data-element_type=\"widget\" data-e-type=\"widget\" data-widget_type=\"divider.default\">\n\t\t\t\t<div class=\"elementor-widget-container\">\n\t\t\t\t\t\t\t<div class=\"elementor-divider\">\n\t\t\t<span class=\"elementor-divider-separator\">\n\t\t\t\t\t\t\t<div class=\"elementor-icon elementor-divider__element\">\n\t\t\t\t\t<i aria-hidden=\"true\" class=\"icon icon-leaf\"><\/i><\/div>\n\t\t\t\t\t\t<\/span>\n\t\t<\/div>\n\t\t\t\t\t\t<\/div>\n\t\t\t\t<\/div>\n\t\t\t\t<div class=\"elementor-element elementor-element-13cfc62 elementor-widget elementor-widget-text-editor\" data-id=\"13cfc62\" data-element_type=\"widget\" data-e-type=\"widget\" data-widget_type=\"text-editor.default\">\n\t\t\t\t<div class=\"elementor-widget-container\">\n\t\t\t\t\t\t\t\t\t<p>\u00a0<\/p><p><strong>UN POCO DE HISTORIA&#8230;\u00a0<\/strong><\/p><p>La palabra <strong data-start=\"497\" data-end=\"505\">Yoga<\/strong> proviene del s\u00e1nscrito y significa <strong data-start=\"541\" data-end=\"552\">\u00abuni\u00f3n\u00bb<\/strong>: la uni\u00f3n del cuerpo, la mente y el esp\u00edritu; del ser humano con el universo.<\/p><p data-start=\"632\" data-end=\"946\">Sus or\u00edgenes se remontan a m\u00e1s de <strong data-start=\"666\" data-end=\"692\">5.000 a\u00f1os en la India<\/strong>, donde ya se practicaban t\u00e9cnicas de meditaci\u00f3n y posturas que hoy reconocemos en figuras ancestrales en la postura de <strong data-start=\"812\" data-end=\"820\">loto<\/strong>. Aunque recoge elementos del hinduismo, el budismo y el jainismo, el yoga no es una religi\u00f3n, sino una <strong data-start=\"924\" data-end=\"945\">filosof\u00eda de vida<\/strong>.<\/p><p data-start=\"948\" data-end=\"1173\">Uno de los textos fundamentales del yoga son los <strong data-start=\"997\" data-end=\"1025\">Yoga Sutras de Patanjali<\/strong>, escritos alrededor del siglo III a.C. en forma de 196 aforismos que describen el camino del yoga, su \u00e9tica, su pr\u00e1ctica y su prop\u00f3sito espiritual.<\/p><p data-start=\"1175\" data-end=\"1537\">Siglos m\u00e1s tarde, en el siglo XV, <strong data-start=\"1209\" data-end=\"1229\">Swami Svatmarama<\/strong> recopil\u00f3 en el <strong data-start=\"1245\" data-end=\"1269\">Hatha Yoga Pradipika<\/strong> los principios del Hatha Yoga, incluyendo pr\u00e1cticas esenciales como las <strong data-start=\"1342\" data-end=\"1352\">asanas<\/strong> (posturas), <strong data-start=\"1365\" data-end=\"1378\">pranayama<\/strong> (control de la respiraci\u00f3n), <strong data-start=\"1408\" data-end=\"1418\">mudras<\/strong> (gestos), <strong data-start=\"1429\" data-end=\"1440\">bandhas<\/strong> (cierres energ\u00e9ticos) y la b\u00fasqueda del <strong data-start=\"1481\" data-end=\"1492\">samadhi<\/strong> (estado de consciencia plena o iluminaci\u00f3n).<\/p><p data-start=\"1539\" data-end=\"1804\">El yoga lleg\u00f3 a Occidente en el siglo XIX, pero fue a partir del siglo XX cuando empez\u00f3 a expandirse con fuerza gracias a maestros como <strong data-start=\"1675\" data-end=\"1693\">B.K.S. Iyengar<\/strong>, <strong data-start=\"1695\" data-end=\"1712\">Pattabhi Jois<\/strong> o <strong data-start=\"1715\" data-end=\"1729\">Indra Devi<\/strong>, disc\u00edpulos de <strong data-start=\"1745\" data-end=\"1764\">Krishnamacharya<\/strong>, considerado el padre del yoga moderno.<\/p><p data-start=\"1806\" data-end=\"2002\">Desde los a\u00f1os 60, el yoga ha florecido en todo el mundo, con miles de personas form\u00e1ndose en la India y compartiendo esta pr\u00e1ctica milenaria desde una visi\u00f3n m\u00e1s abierta, integradora y accesible.<\/p><p data-start=\"2004\" data-end=\"2221\">Hoy, el yoga es una herramienta poderosa para <strong data-start=\"2050\" data-end=\"2126\">equilibrar cuerpo y mente a trav\u00e9s de la respiraci\u00f3n y la atenci\u00f3n plena<\/strong>. Y cuando se practica con constancia, puede transformar profundamente nuestra manera de vivir.<\/p>\t\t\t\t\t\t\t\t<\/div>\n\t\t\t\t<\/div>\n\t\t\t\t\t<\/div>\n\t\t\t\t<\/div>\n\t\t\t\t<section class=\"elementor-section elementor-top-section elementor-element elementor-element-5d3ff75 elementor-section-boxed elementor-section-height-default elementor-section-height-default\" data-id=\"5d3ff75\" data-element_type=\"section\" data-e-type=\"section\">\n\t\t\t\t\t\t\t<div class=\"elementor-background-overlay\"><\/div>\n\t\t\t\t\t\t\t<div class=\"elementor-container elementor-column-gap-no\">\n\t\t\t\t\t<div class=\"elementor-column elementor-col-100 elementor-top-column elementor-element elementor-element-aa193af\" data-id=\"aa193af\" data-element_type=\"column\" data-e-type=\"column\">\n\t\t\t<div class=\"elementor-widget-wrap elementor-element-populated\">\n\t\t\t\t\t\t<section class=\"elementor-section elementor-inner-section elementor-element elementor-element-0892c80 elementor-section-boxed elementor-section-height-default elementor-section-height-default\" data-id=\"0892c80\" data-element_type=\"section\" data-e-type=\"section\">\n\t\t\t\t\t\t<div class=\"elementor-container elementor-column-gap-no\">\n\t\t\t\t\t<div class=\"elementor-column elementor-col-33 elementor-inner-column elementor-element elementor-element-45458b2\" data-id=\"45458b2\" data-element_type=\"column\" data-e-type=\"column\">\n\t\t\t<div class=\"elementor-widget-wrap elementor-element-populated\">\n\t\t\t\t\t\t<div class=\"elementor-element elementor-element-cc37a70 elementor-invisible elementor-widget elementor-widget-image\" data-id=\"cc37a70\" data-element_type=\"widget\" data-e-type=\"widget\" data-settings=\"{&quot;_animation&quot;:&quot;rollIn&quot;}\" data-widget_type=\"image.default\">\n\t\t\t\t<div class=\"elementor-widget-container\">\n\t\t\t\t\t\t\t\t\t\t\t\t\t\t\t<img decoding=\"async\" width=\"100\" height=\"120\" src=\"https:\/\/gureyoga.com\/wp-content\/uploads\/2023\/11\/yogashala-img5.png\" class=\"attachment-large size-large wp-image-192\" alt=\"\" srcset=\"https:\/\/gureyoga.com\/wp-content\/uploads\/2023\/11\/yogashala-img5.png 100w, https:\/\/gureyoga.com\/wp-content\/uploads\/2023\/11\/yogashala-img5-10x12.png 10w\" sizes=\"(max-width: 100px) 100vw, 100px\" \/>\t\t\t\t\t\t\t\t\t\t\t\t\t\t\t<\/div>\n\t\t\t\t<\/div>\n\t\t\t\t<div class=\"elementor-element elementor-element-305dad7 elementor-widget elementor-widget-heading\" data-id=\"305dad7\" data-element_type=\"widget\" data-e-type=\"widget\" data-widget_type=\"heading.default\">\n\t\t\t\t<div class=\"elementor-widget-container\">\n\t\t\t\t\t<h5 class=\"elementor-heading-title elementor-size-default\">EQUILIBRA EL SISTEMA NERVIOSO<\/h5>\t\t\t\t<\/div>\n\t\t\t\t<\/div>\n\t\t\t\t\t<\/div>\n\t\t<\/div>\n\t\t\t\t<div class=\"elementor-column elementor-col-33 elementor-inner-column elementor-element elementor-element-1595e23\" data-id=\"1595e23\" data-element_type=\"column\" data-e-type=\"column\">\n\t\t\t<div class=\"elementor-widget-wrap elementor-element-populated\">\n\t\t\t\t\t\t<div class=\"elementor-element elementor-element-7e254ee elementor-widget-tablet__width-initial elementor-widget-mobile__width-initial elementor-invisible elementor-widget elementor-widget-image\" data-id=\"7e254ee\" data-element_type=\"widget\" data-e-type=\"widget\" data-settings=\"{&quot;_animation&quot;:&quot;rollIn&quot;}\" data-widget_type=\"image.default\">\n\t\t\t\t<div class=\"elementor-widget-container\">\n\t\t\t\t\t\t\t\t\t\t\t\t\t\t\t<img decoding=\"async\" width=\"100\" height=\"120\" src=\"https:\/\/gureyoga.com\/wp-content\/uploads\/2023\/11\/yogashala-img3.png\" class=\"attachment-large size-large wp-image-195\" alt=\"\" srcset=\"https:\/\/gureyoga.com\/wp-content\/uploads\/2023\/11\/yogashala-img3.png 100w, https:\/\/gureyoga.com\/wp-content\/uploads\/2023\/11\/yogashala-img3-10x12.png 10w\" sizes=\"(max-width: 100px) 100vw, 100px\" \/>\t\t\t\t\t\t\t\t\t\t\t\t\t\t\t<\/div>\n\t\t\t\t<\/div>\n\t\t\t\t<div class=\"elementor-element elementor-element-5d9280f elementor-widget elementor-widget-heading\" data-id=\"5d9280f\" data-element_type=\"widget\" data-e-type=\"widget\" data-widget_type=\"heading.default\">\n\t\t\t\t<div class=\"elementor-widget-container\">\n\t\t\t\t\t<h5 class=\"elementor-heading-title elementor-size-default\">DISCIPLINA TU MENTE<\/h5>\t\t\t\t<\/div>\n\t\t\t\t<\/div>\n\t\t\t\t\t<\/div>\n\t\t<\/div>\n\t\t\t\t<div class=\"elementor-column elementor-col-33 elementor-inner-column elementor-element elementor-element-5731f8e\" data-id=\"5731f8e\" data-element_type=\"column\" data-e-type=\"column\">\n\t\t\t<div class=\"elementor-widget-wrap elementor-element-populated\">\n\t\t\t\t\t\t<div class=\"elementor-element elementor-element-360fc4e elementor-invisible elementor-widget elementor-widget-image\" data-id=\"360fc4e\" data-element_type=\"widget\" data-e-type=\"widget\" data-settings=\"{&quot;_animation&quot;:&quot;rollIn&quot;}\" data-widget_type=\"image.default\">\n\t\t\t\t<div class=\"elementor-widget-container\">\n\t\t\t\t\t\t\t\t\t\t\t\t\t\t\t<img loading=\"lazy\" decoding=\"async\" width=\"100\" height=\"120\" src=\"https:\/\/gureyoga.com\/wp-content\/uploads\/2023\/11\/yogashala-img4.png\" class=\"attachment-large size-large wp-image-194\" alt=\"\" srcset=\"https:\/\/gureyoga.com\/wp-content\/uploads\/2023\/11\/yogashala-img4.png 100w, https:\/\/gureyoga.com\/wp-content\/uploads\/2023\/11\/yogashala-img4-10x12.png 10w\" sizes=\"(max-width: 100px) 100vw, 100px\" \/>\t\t\t\t\t\t\t\t\t\t\t\t\t\t\t<\/div>\n\t\t\t\t<\/div>\n\t\t\t\t<div class=\"elementor-element elementor-element-13aac4e elementor-widget elementor-widget-heading\" data-id=\"13aac4e\" data-element_type=\"widget\" data-e-type=\"widget\" data-widget_type=\"heading.default\">\n\t\t\t\t<div class=\"elementor-widget-container\">\n\t\t\t\t\t<h5 class=\"elementor-heading-title elementor-size-default\">FORTALECE MUSCULOS Y HUESOS<\/h5>\t\t\t\t<\/div>\n\t\t\t\t<\/div>\n\t\t\t\t\t<\/div>\n\t\t<\/div>\n\t\t\t\t\t<\/div>\n\t\t<\/section>\n\t\t\t\t\t<\/div>\n\t\t<\/div>\n\t\t\t\t\t<\/div>\n\t\t<\/section>\n\t\t\t\t<\/div>\n\t\t","protected":false},"excerpt":{"rendered":"<p>\u00abCADA MA\u00d1ANA NACEMOS DE NUEVO. LO QUE HACEMOS HOY ES LO QUE M\u00c1S IMPORTA\u00bb \u00abSIDDHARTA GAUTAMA\u00bb Descubre mas mas en nuestro Instagram GURE YOGA Inhala&#8230; Ret\u00e9n&#8230; Exhala&#8230; Bienvenid@ a Gure Yoga, tu espacio de bienestar en el centro se Santurtzi. Este proyecto se hizo realidad en abril de 2022, con una ilusi\u00f3n muy clara: crear [&hellip;]<\/p>\n","protected":false},"author":1,"featured_media":0,"parent":0,"menu_order":0,"comment_status":"closed","ping_status":"closed","template":"elementor_canvas","meta":{"footnotes":""},"class_list":["post-730","page","type-page","status-publish","hentry"],"yoast_head":"<!-- This site is optimized with the Yoast SEO plugin v27.4 - https:\/\/yoast.com\/product\/yoast-seo-wordpress\/ -->\n<title>Gure Yoga - Gure Yoga<\/title>\n<meta name=\"robots\" content=\"index, follow, max-snippet:-1, max-image-preview:large, max-video-preview:-1\" \/>\n<link rel=\"canonical\" href=\"https:\/\/gureyoga.com\/es\/\" \/>\n<meta property=\"og:locale\" content=\"es_ES\" \/>\n<meta property=\"og:type\" content=\"article\" \/>\n<meta property=\"og:title\" content=\"Gure Yoga - Gure Yoga\" \/>\n<meta property=\"og:description\" content=\"\u00abCADA MA\u00d1ANA NACEMOS DE NUEVO. LO QUE HACEMOS HOY ES LO QUE M\u00c1S IMPORTA\u00bb \u00abSIDDHARTA GAUTAMA\u00bb Descubre mas mas en nuestro Instagram GURE YOGA Inhala&#8230; Ret\u00e9n&#8230; Exhala&#8230; Bienvenid@ a Gure Yoga, tu espacio de bienestar en el centro se Santurtzi. Este proyecto se hizo realidad en abril de 2022, con una ilusi\u00f3n muy clara: crear [&hellip;]\" \/>\n<meta property=\"og:url\" content=\"https:\/\/gureyoga.com\/es\/\" \/>\n<meta property=\"og:site_name\" content=\"Gure Yoga\" \/>\n<meta property=\"article:modified_time\" content=\"2026-01-02T20:42:42+00:00\" \/>\n<meta property=\"og:image\" content=\"https:\/\/gureyoga.com\/wp-content\/uploads\/2025\/08\/WhatsApp-Image-2025-08-04-at-16.27.12.jpeg\" \/>\n\t<meta property=\"og:image:width\" content=\"1201\" \/>\n\t<meta property=\"og:image:height\" content=\"1600\" \/>\n\t<meta property=\"og:image:type\" content=\"image\/jpeg\" \/>\n<meta name=\"twitter:card\" content=\"summary_large_image\" \/>\n<meta name=\"twitter:label1\" content=\"Tiempo de lectura\" \/>\n\t<meta name=\"twitter:data1\" content=\"4 minutos\" \/>\n<script type=\"application\/ld+json\" class=\"yoast-schema-graph\">{\"@context\":\"https:\\\/\\\/schema.org\",\"@graph\":[{\"@type\":\"WebPage\",\"@id\":\"https:\\\/\\\/gureyoga.com\\\/\",\"url\":\"https:\\\/\\\/gureyoga.com\\\/\",\"name\":\"Gure Yoga - Gure Yoga\",\"isPartOf\":{\"@id\":\"https:\\\/\\\/gureyoga.com\\\/#website\"},\"primaryImageOfPage\":{\"@id\":\"https:\\\/\\\/gureyoga.com\\\/#primaryimage\"},\"image\":{\"@id\":\"https:\\\/\\\/gureyoga.com\\\/#primaryimage\"},\"thumbnailUrl\":\"https:\\\/\\\/gureyoga.com\\\/wp-content\\\/uploads\\\/2025\\\/08\\\/WhatsApp-Image-2025-08-04-at-16.27.12.jpeg\",\"datePublished\":\"2023-12-14T13:06:58+00:00\",\"dateModified\":\"2026-01-02T20:42:42+00:00\",\"breadcrumb\":{\"@id\":\"https:\\\/\\\/gureyoga.com\\\/#breadcrumb\"},\"inLanguage\":\"es\",\"potentialAction\":[{\"@type\":\"ReadAction\",\"target\":[\"https:\\\/\\\/gureyoga.com\\\/\"]}]},{\"@type\":\"ImageObject\",\"inLanguage\":\"es\",\"@id\":\"https:\\\/\\\/gureyoga.com\\\/#primaryimage\",\"url\":\"https:\\\/\\\/gureyoga.com\\\/wp-content\\\/uploads\\\/2025\\\/08\\\/WhatsApp-Image-2025-08-04-at-16.27.12.jpeg\",\"contentUrl\":\"https:\\\/\\\/gureyoga.com\\\/wp-content\\\/uploads\\\/2025\\\/08\\\/WhatsApp-Image-2025-08-04-at-16.27.12.jpeg\"},{\"@type\":\"BreadcrumbList\",\"@id\":\"https:\\\/\\\/gureyoga.com\\\/#breadcrumb\",\"itemListElement\":[{\"@type\":\"ListItem\",\"position\":1,\"name\":\"Portada\",\"item\":\"https:\\\/\\\/gureyoga.com\\\/\"},{\"@type\":\"ListItem\",\"position\":2,\"name\":\"Gure Yoga\"}]},{\"@type\":\"WebSite\",\"@id\":\"https:\\\/\\\/gureyoga.com\\\/#website\",\"url\":\"https:\\\/\\\/gureyoga.com\\\/\",\"name\":\"Gure Yoga\",\"description\":\"El yoga es para todas las personas que quieran mejorar su salud f\u00edsica y mental.\",\"potentialAction\":[{\"@type\":\"SearchAction\",\"target\":{\"@type\":\"EntryPoint\",\"urlTemplate\":\"https:\\\/\\\/gureyoga.com\\\/?s={search_term_string}\"},\"query-input\":{\"@type\":\"PropertyValueSpecification\",\"valueRequired\":true,\"valueName\":\"search_term_string\"}}],\"inLanguage\":\"es\"}]}<\/script>\n<!-- \/ Yoast SEO plugin. -->","yoast_head_json":{"title":"Gure Yoga - Gure Yoga","robots":{"index":"index","follow":"follow","max-snippet":"max-snippet:-1","max-image-preview":"max-image-preview:large","max-video-preview":"max-video-preview:-1"},"canonical":"https:\/\/gureyoga.com\/es\/","og_locale":"es_ES","og_type":"article","og_title":"Gure Yoga - Gure Yoga","og_description":"\u00abCADA MA\u00d1ANA NACEMOS DE NUEVO. LO QUE HACEMOS HOY ES LO QUE M\u00c1S IMPORTA\u00bb \u00abSIDDHARTA GAUTAMA\u00bb Descubre mas mas en nuestro Instagram GURE YOGA Inhala&#8230; Ret\u00e9n&#8230; Exhala&#8230; Bienvenid@ a Gure Yoga, tu espacio de bienestar en el centro se Santurtzi. Este proyecto se hizo realidad en abril de 2022, con una ilusi\u00f3n muy clara: crear [&hellip;]","og_url":"https:\/\/gureyoga.com\/es\/","og_site_name":"Gure Yoga","article_modified_time":"2026-01-02T20:42:42+00:00","og_image":[{"width":1201,"height":1600,"url":"https:\/\/gureyoga.com\/wp-content\/uploads\/2025\/08\/WhatsApp-Image-2025-08-04-at-16.27.12.jpeg","type":"image\/jpeg"}],"twitter_card":"summary_large_image","twitter_misc":{"Tiempo de lectura":"4 minutos"},"schema":{"@context":"https:\/\/schema.org","@graph":[{"@type":"WebPage","@id":"https:\/\/gureyoga.com\/","url":"https:\/\/gureyoga.com\/","name":"Gure Yoga - Gure Yoga","isPartOf":{"@id":"https:\/\/gureyoga.com\/#website"},"primaryImageOfPage":{"@id":"https:\/\/gureyoga.com\/#primaryimage"},"image":{"@id":"https:\/\/gureyoga.com\/#primaryimage"},"thumbnailUrl":"https:\/\/gureyoga.com\/wp-content\/uploads\/2025\/08\/WhatsApp-Image-2025-08-04-at-16.27.12.jpeg","datePublished":"2023-12-14T13:06:58+00:00","dateModified":"2026-01-02T20:42:42+00:00","breadcrumb":{"@id":"https:\/\/gureyoga.com\/#breadcrumb"},"inLanguage":"es","potentialAction":[{"@type":"ReadAction","target":["https:\/\/gureyoga.com\/"]}]},{"@type":"ImageObject","inLanguage":"es","@id":"https:\/\/gureyoga.com\/#primaryimage","url":"https:\/\/gureyoga.com\/wp-content\/uploads\/2025\/08\/WhatsApp-Image-2025-08-04-at-16.27.12.jpeg","contentUrl":"https:\/\/gureyoga.com\/wp-content\/uploads\/2025\/08\/WhatsApp-Image-2025-08-04-at-16.27.12.jpeg"},{"@type":"BreadcrumbList","@id":"https:\/\/gureyoga.com\/#breadcrumb","itemListElement":[{"@type":"ListItem","position":1,"name":"Portada","item":"https:\/\/gureyoga.com\/"},{"@type":"ListItem","position":2,"name":"Gure Yoga"}]},{"@type":"WebSite","@id":"https:\/\/gureyoga.com\/#website","url":"https:\/\/gureyoga.com\/","name":"Gure Yoga","description":"El yoga es para todas las personas que quieran mejorar su salud f\u00edsica y mental.","potentialAction":[{"@type":"SearchAction","target":{"@type":"EntryPoint","urlTemplate":"https:\/\/gureyoga.com\/?s={search_term_string}"},"query-input":{"@type":"PropertyValueSpecification","valueRequired":true,"valueName":"search_term_string"}}],"inLanguage":"es"}]}},"_links":{"self":[{"href":"https:\/\/gureyoga.com\/es\/wp-json\/wp\/v2\/pages\/730","targetHints":{"allow":["GET"]}}],"collection":[{"href":"https:\/\/gureyoga.com\/es\/wp-json\/wp\/v2\/pages"}],"about":[{"href":"https:\/\/gureyoga.com\/es\/wp-json\/wp\/v2\/types\/page"}],"author":[{"embeddable":true,"href":"https:\/\/gureyoga.com\/es\/wp-json\/wp\/v2\/users\/1"}],"replies":[{"embeddable":true,"href":"https:\/\/gureyoga.com\/es\/wp-json\/wp\/v2\/comments?post=730"}],"version-history":[{"count":419,"href":"https:\/\/gureyoga.com\/es\/wp-json\/wp\/v2\/pages\/730\/revisions"}],"predecessor-version":[{"id":2829,"href":"https:\/\/gureyoga.com\/es\/wp-json\/wp\/v2\/pages\/730\/revisions\/2829"}],"wp:attachment":[{"href":"https:\/\/gureyoga.com\/es\/wp-json\/wp\/v2\/media?parent=730"}],"curies":[{"name":"wp","href":"https:\/\/api.w.org\/{rel}","templated":true}]}}